{"id":209,"date":"2024-05-13T18:43:15","date_gmt":"2024-05-13T16:43:15","guid":{"rendered":"https:\/\/park360cz-prod.goout.cloud\/?page_id=209"},"modified":"2024-12-10T13:21:46","modified_gmt":"2024-12-10T12:21:46","slug":"for-visitors","status":"publish","type":"page","link":"http:\/\/park360.cz\/cs\/for-visitors\/","title":{"rendered":"Pro n\u00e1v\u0161t\u011bvn\u00edky"},"content":{"rendered":"<p>Park 360 je open-air venue, kter\u00e9 stoj\u00ed na&nbsp;principech udr\u017eitelnosti a&nbsp;kde se potk\u00e1vaj\u00ed hv\u011bzdy sv\u011btov\u00e9 hudebn\u00ed sc\u00e9ny, etablovan\u00e9 festivaly a&nbsp;dal\u0161\u00ed kulturn\u00ed akce i&nbsp;firemn\u00ed eventy pro&nbsp;50 a\u017e 50 000 n\u00e1v\u0161t\u011bvn\u00edk\u016f a&nbsp;n\u00e1v\u0161t\u011bvnic.<\/p>","protected":false},"excerpt":{"rendered":"<p>Park 360 je open-air venue, kter\u00e9 stoj\u00ed na&nbsp;principech udr\u017eitelnosti a&nbsp;kde se potk\u00e1vaj\u00ed hv\u011bzdy sv\u011btov\u00e9 hudebn\u00ed sc\u00e9ny, etablovan\u00e9 festivaly a&nbsp;dal\u0161\u00ed kulturn\u00ed akce i&nbsp;firemn\u00ed eventy pro&nbsp;50 a\u017e 50 000 n\u00e1v\u0161t\u011bvn\u00edk\u016f a&nbsp;n\u00e1v\u0161t\u011bvnic.<\/p>\n","protected":false},"author":2,"featured_media":372,"parent":0,"menu_order":3,"comment_status":"closed","ping_status":"closed","template":"","meta":{"_acf_changed":false,"footnotes":""},"class_list":["post-209","page","type-page","status-publish","has-post-thumbnail","hentry"],"acf":[],"_links":{"self":[{"href":"http:\/\/park360.cz\/cs\/wp-json\/wp\/v2\/pages\/209","targetHints":{"allow":["GET"]}}],"collection":[{"href":"http:\/\/park360.cz\/cs\/wp-json\/wp\/v2\/pages"}],"about":[{"href":"http:\/\/park360.cz\/cs\/wp-json\/wp\/v2\/types\/page"}],"author":[{"embeddable":true,"href":"http:\/\/park360.cz\/cs\/wp-json\/wp\/v2\/users\/2"}],"replies":[{"embeddable":true,"href":"http:\/\/park360.cz\/cs\/wp-json\/wp\/v2\/comments?post=209"}],"version-history":[{"count":33,"href":"http:\/\/park360.cz\/cs\/wp-json\/wp\/v2\/pages\/209\/revisions"}],"predecessor-version":[{"id":612,"href":"http:\/\/park360.cz\/cs\/wp-json\/wp\/v2\/pages\/209\/revisions\/612"}],"wp:featuredmedia":[{"embeddable":true,"href":"http:\/\/park360.cz\/cs\/wp-json\/wp\/v2\/media\/372"}],"wp:attachment":[{"href":"http:\/\/park360.cz\/cs\/wp-json\/wp\/v2\/media?parent=209"}],"curies":[{"name":"wp","href":"https:\/\/api.w.org\/{rel}","templated":true}]}}