{"id":212,"date":"2024-05-13T18:43:39","date_gmt":"2024-05-13T16:43:39","guid":{"rendered":"https:\/\/park360cz-prod.goout.cloud\/?page_id=212"},"modified":"2024-12-10T13:18:22","modified_gmt":"2024-12-10T12:18:22","slug":"about-park-360","status":"publish","type":"page","link":"https:\/\/park360.cz\/cs\/about-park-360\/","title":{"rendered":"O Parku 360"},"content":{"rendered":"<p>Park 360 je flexibiln\u00ed, multifunk\u010dn\u00ed prostor pro&nbsp;unik\u00e1tn\u00ed z\u00e1\u017eitky s&nbsp;kapacitou a\u017e pades\u00e1t tis\u00edc hudebn\u00edch, divadeln\u00edch nebo sportovn\u00edch fans. Nach\u00e1z\u00ed se v&nbsp;Hradci Kr\u00e1lov\u00e9, skv\u011ble dostupn\u00e9m krajsk\u00e9m m\u011bst\u011b ve v\u00fdchodn\u00edch \u010cech\u00e1ch. Je domovem festivalu <a href=\"https:\/\/rockforpeople.cz\/cs\/\" target=\"_blank\" rel=\"noopener\">Rock for People<\/a> a&nbsp;bejbypankov\u00e9ho festivalu <a href=\"https:\/\/festivalkefir.cz\/\" target=\"_blank\" rel=\"noopener\">Kef\u00edr<\/a>.<\/p>\n<p>&nbsp;<\/p>\n<p>Jak Park 360 nejl\u00e9pe popsat? Jako open-air venue, kter\u00e9 stoj\u00ed na&nbsp;principech udr\u017eitelnosti a&nbsp;kde se potk\u00e1vaj\u00ed hv\u011bzdy sv\u011btov\u00e9 hudebn\u00ed sc\u00e9ny, etablovan\u00e9 festivaly a&nbsp;dal\u0161\u00ed kulturn\u00ed akce i&nbsp;firemn\u00ed eventy pro&nbsp;50 a\u017e 50 000 n\u00e1v\u0161t\u011bvnic a&nbsp;n\u00e1v\u0161t\u011bvn\u00edk\u016f.<\/p>","protected":false},"excerpt":{"rendered":"<p>Park 360 je flexibiln\u00ed, multifunk\u010dn\u00ed prostor pro&nbsp;unik\u00e1tn\u00ed z\u00e1\u017eitky s&nbsp;kapacitou a\u017e pades\u00e1t tis\u00edc hudebn\u00edch, divadeln\u00edch nebo sportovn\u00edch fans. Nach\u00e1z\u00ed se v&nbsp;Hradci Kr\u00e1lov\u00e9, skv\u011ble dostupn\u00e9m krajsk\u00e9m m\u011bst\u011b ve v\u00fdchodn\u00edch \u010cech\u00e1ch. Je domovem festivalu Rock for People a&nbsp;bejbypankov\u00e9ho festivalu Kef\u00edr. &nbsp; Jak Park 360 nejl\u00e9pe popsat? Jako open-air venue, kter\u00e9 stoj\u00ed na&nbsp;principech udr\u017eitelnosti a&nbsp;kde se potk\u00e1vaj\u00ed hv\u011bzdy sv\u011btov\u00e9 [&hellip;]<\/p>\n","protected":false},"author":2,"featured_media":371,"parent":0,"menu_order":2,"comment_status":"closed","ping_status":"closed","template":"","meta":{"_acf_changed":false,"footnotes":""},"class_list":["post-212","page","type-page","status-publish","has-post-thumbnail","hentry"],"acf":[],"_links":{"self":[{"href":"https:\/\/park360.cz\/cs\/wp-json\/wp\/v2\/pages\/212","targetHints":{"allow":["GET"]}}],"collection":[{"href":"https:\/\/park360.cz\/cs\/wp-json\/wp\/v2\/pages"}],"about":[{"href":"https:\/\/park360.cz\/cs\/wp-json\/wp\/v2\/types\/page"}],"author":[{"embeddable":true,"href":"https:\/\/park360.cz\/cs\/wp-json\/wp\/v2\/users\/2"}],"replies":[{"embeddable":true,"href":"https:\/\/park360.cz\/cs\/wp-json\/wp\/v2\/comments?post=212"}],"version-history":[{"count":32,"href":"https:\/\/park360.cz\/cs\/wp-json\/wp\/v2\/pages\/212\/revisions"}],"predecessor-version":[{"id":610,"href":"https:\/\/park360.cz\/cs\/wp-json\/wp\/v2\/pages\/212\/revisions\/610"}],"wp:featuredmedia":[{"embeddable":true,"href":"https:\/\/park360.cz\/cs\/wp-json\/wp\/v2\/media\/371"}],"wp:attachment":[{"href":"https:\/\/park360.cz\/cs\/wp-json\/wp\/v2\/media?parent=212"}],"curies":[{"name":"wp","href":"https:\/\/api.w.org\/{rel}","templated":true}]}}