{"id":813,"date":"2025-11-26T10:41:17","date_gmt":"2025-11-26T09:41:17","guid":{"rendered":"https:\/\/park360.cz\/?page_id=813"},"modified":"2026-02-22T14:13:19","modified_gmt":"2026-02-22T13:13:19","slug":"rent","status":"publish","type":"page","link":"https:\/\/park360.cz\/cs\/rent\/","title":{"rendered":"Pron\u00e1jem"},"content":{"rendered":"<p><b>Park 360<\/b><span style=\"font-weight: 400;\"> je synonymem pro&nbsp;unik\u00e1tn\u00ed z\u00e1\u017eitky. B\u00fdval\u00e9 vojensk\u00e9 leti\u0161t\u011b se specifick\u00fdm geniem loci se nach\u00e1z\u00ed v&nbsp;Hradci Kr\u00e1lov\u00e9, skv\u011ble dostupn\u00e9m krajsk\u00e9m m\u011bst\u011b ve v\u00fdchodn\u00edch \u010cech\u00e1ch.\u00a0<\/span><\/p>\n<p><span style=\"font-weight: 400;\">\u010c\u00edslovka v&nbsp;n\u00e1zvu znamen\u00e1 360 stup\u0148\u016f, p\u0159enesen\u011b tedy flexibilitu, variabilitu a&nbsp;\u0161k\u00e1lovatelnost. Multifunk\u010dn\u00ed prostor s&nbsp;kapacitou pro&nbsp;5 a\u017e 50 000 osob se rozkl\u00e1d\u00e1 na&nbsp;70 hektarech. Are\u00e1l je domovem jednoho z&nbsp;nejv\u011bt\u0161\u00edch \u010desk\u00fdch hudebn\u00edch festival\u016f <\/span><strong><a href=\"https:\/\/rockforpeople.cz\/\" target=\"_blank\" rel=\"noopener\">Rock for People<\/a><\/strong><span style=\"font-weight: 400;\">, obl\u00edben\u00e9ho bejbypankov\u00e9ho festivalu <\/span><strong><a href=\"https:\/\/www.festivalkefir.cz\/\" target=\"_blank\" rel=\"noopener\">Kef\u00edr<\/a><\/strong><span style=\"font-weight: 400;\"> a&nbsp;velk\u00fdch akc\u00ed pod&nbsp;hlavi\u010dkou koncertn\u00ed s\u00e9rie <\/span><strong><a href=\"https:\/\/rfpconcerts.cz\/\" target=\"_blank\" rel=\"noopener\">RfP Concerts<\/a><\/strong><span style=\"font-weight: 400;\">, projekt festivalu Rock for People a&nbsp;jeho po\u0159adatelsk\u00e9 agentury <\/span><strong><a href=\"https:\/\/ameba.cz\/\" target=\"_blank\" rel=\"noopener\">Ameba Production<\/a><\/strong><span style=\"font-weight: 400;\">.<\/span><\/p>\n<h4><b>N\u011bkolik d\u016fle\u017eit\u00fdch \u010d\u00edsel:<br \/>\n<\/b><span style=\"font-weight: 400;\">\u2198 70 hektar\u016f pro&nbsp;open-air z\u00e1\u017eitky<br \/>\n\u2198 Kapacita are\u00e1lu a\u017e 50 000 osob<br \/>\n\u2198 Parkovi\u0161t\u011b pro&nbsp;10 000 voz\u016f<br \/>\n\u2198 Kemp pro&nbsp;a\u017e 25 000 osob<br \/>\n\u2198 9 hang\u00e1r\u016f<br \/>\n\u2198 3 cirkusov\u00e1 \u0161apit\u00f3<br \/>\n<\/span><\/h4>\n<h4><b>V&nbsp;Parku 360 najdete:<br \/>\n<\/b><span style=\"font-weight: 400;\">\u2198 Vhodn\u00fd prostor pro&nbsp;mal\u00e9 i&nbsp;velk\u00e9 firemn\u00ed, kulturn\u00ed nebo sportovn\u00ed akce<br \/>\n\u2198 Industri\u00e1ln\u00ed genius loci<br \/>\n\u2198 Kvalitn\u00ed soci\u00e1ln\u00ed za\u0159\u00edzen\u00ed<br \/>\n\u2198 Kompletn\u00ed zas\u00ed\u0165ov\u00e1n\u00ed (voda, elekt\u0159ina, p\u0159ipojen\u00ed)<br \/>\n\u2198 Dostatek zelen\u011b a&nbsp;m\u00edst pro&nbsp;relax<br \/>\n\u2198 Z\u00e1zem\u00ed pro&nbsp;caravaning<br \/>\n\u2198 Bezbari\u00e9rov\u00e1 \u0159e\u0161en\u00ed<br \/>\n<\/span><\/h4>\n<p><span style=\"font-weight: 400;\">Vyu\u017e\u00edt lze velk\u00e9 plochy pro&nbsp;stage, designov\u00e9 hang\u00e1ry, prostorn\u00e1 \u0161apit\u00f3, pobytov\u00e9 louky a&nbsp;n\u011bkolik kilometr\u016f asfaltov\u00fdch ploch: v\u0161e zas\u00ed\u0165ovan\u00e9 a&nbsp;s&nbsp;ve\u0161ker\u00fdm technick\u00fdm z\u00e1zem\u00edm.<\/span><\/p>\n<p><span style=\"font-weight: 400;\">Park 360 stoj\u00ed na&nbsp;principech udr\u017eiteln\u00e9ho a&nbsp;odpov\u011bdn\u00e9ho p\u0159\u00edstupu. Zapojujeme obnoviteln\u00e9 zdroje energie. Fand\u00edme sd\u00edlen\u00e9, hromadn\u00e9 a&nbsp;n\u00edzkoemisn\u00ed doprav\u011b. Zav\u00e1d\u00edme principy cirkul\u00e1rn\u00ed ekonomiky. Aktivn\u011b sni\u017eujeme CO<\/span><span style=\"font-weight: 400;\">2<\/span><span style=\"font-weight: 400;\"> stopu.<\/span><\/p>\n<h4>Doporu\u010dujeme Park 360 nav\u0161t\u00edvit osobn\u011b: p\u0159i prohl\u00eddce z\u00edsk\u00e1te bli\u017e\u0161\u00ed p\u0159edstavu o&nbsp;m\u011b\u0159\u00edtku, nezam\u011bniteln\u00e9m geniu loci a&nbsp;mo\u017enostech are\u00e1lu. <a href=\"https:\/\/park360.cz\/cs\/contact\/\" target=\"_blank\" rel=\"noopener\">Kontaktujte n\u00e1s<\/a>, term\u00edn najdeme.<\/h4>\n<p>&nbsp;<\/p>","protected":false},"excerpt":{"rendered":"<p>Park 360 je synonymem pro&nbsp;unik\u00e1tn\u00ed z\u00e1\u017eitky. B\u00fdval\u00e9 vojensk\u00e9 leti\u0161t\u011b se specifick\u00fdm geniem loci se nach\u00e1z\u00ed v&nbsp;Hradci Kr\u00e1lov\u00e9, skv\u011ble dostupn\u00e9m krajsk\u00e9m m\u011bst\u011b ve v\u00fdchodn\u00edch \u010cech\u00e1ch.\u00a0 \u010c\u00edslovka v&nbsp;n\u00e1zvu znamen\u00e1 360 stup\u0148\u016f, p\u0159enesen\u011b tedy flexibilitu, variabilitu a&nbsp;\u0161k\u00e1lovatelnost. Multifunk\u010dn\u00ed prostor s&nbsp;kapacitou pro&nbsp;5 a\u017e 50 000 osob se rozkl\u00e1d\u00e1 na&nbsp;70 hektarech. Are\u00e1l je domovem jednoho z&nbsp;nejv\u011bt\u0161\u00edch \u010desk\u00fdch hudebn\u00edch festival\u016f Rock [&hellip;]<\/p>\n","protected":false},"author":3,"featured_media":0,"parent":0,"menu_order":0,"comment_status":"closed","ping_status":"closed","template":"","meta":{"_acf_changed":false,"footnotes":""},"class_list":["post-813","page","type-page","status-publish","hentry"],"acf":[],"_links":{"self":[{"href":"https:\/\/park360.cz\/cs\/wp-json\/wp\/v2\/pages\/813","targetHints":{"allow":["GET"]}}],"collection":[{"href":"https:\/\/park360.cz\/cs\/wp-json\/wp\/v2\/pages"}],"about":[{"href":"https:\/\/park360.cz\/cs\/wp-json\/wp\/v2\/types\/page"}],"author":[{"embeddable":true,"href":"https:\/\/park360.cz\/cs\/wp-json\/wp\/v2\/users\/3"}],"replies":[{"embeddable":true,"href":"https:\/\/park360.cz\/cs\/wp-json\/wp\/v2\/comments?post=813"}],"version-history":[{"count":18,"href":"https:\/\/park360.cz\/cs\/wp-json\/wp\/v2\/pages\/813\/revisions"}],"predecessor-version":[{"id":1202,"href":"https:\/\/park360.cz\/cs\/wp-json\/wp\/v2\/pages\/813\/revisions\/1202"}],"wp:attachment":[{"href":"https:\/\/park360.cz\/cs\/wp-json\/wp\/v2\/media?parent=813"}],"curies":[{"name":"wp","href":"https:\/\/api.w.org\/{rel}","templated":true}]}}